{"id":8,"date":"2010-03-27T11:12:55","date_gmt":"2010-03-27T11:12:55","guid":{"rendered":"http:\/\/marcelino.org\/?page_id=8"},"modified":"2010-07-28T10:44:13","modified_gmt":"2010-07-28T10:44:13","slug":"i-nats","status":"publish","type":"page","link":"https:\/\/marcelino.org\/?page_id=8","title":{"rendered":"I NATS"},"content":{"rendered":"<h3>Ni\u00f1os y adolescentes trabajadores &#8211; Bambini e Adolescenti Lavoratori<\/h3>\n<p>Identifichiamo come NATs tutti quei minori che scelgono di lavorare per aiutare le loro famiglie, per permettersi di andare a scuola e di sostenersi. Il lavoro \u00e8 per loro una strategia efficace per risolvere i problemi quotidiani di sopravvivenza e per sviluppare le capacit\u00e0 individuali e collettive.<\/p>\n<p>Nella provincia di Huamachuco i NATs sono circa 35.000; svolgono diversi lavori, di giorno o di notte, sulla strada, nei mercati, nelle officine, nei ristoranti o nelle case private. Fanno i lavori pi\u00f9 svariati: lustrascarpe, venditori ambulanti di giornali, caramelle, verdura e legna, aiutanti braccianti, domestici.<\/p>\n<p>Molte delle loro attivit\u00e0 risultano spesso poco visibili e poco considerate; per esempio i minori che cucinano, che accudiscono alla casa, curano i fratelli pi\u00f9 piccoli, permettendo ai genitori di andare a lavorare, o i minori che aiutano la famiglia nei campi.<\/p>\n<p>Considerando l&#8217;importante scelta di lavorare dei NATs, non si possono per\u00f2 ignorare le loro difficolt\u00e0 e oppressioni nel trovarsi spesso in situazioni a rischio e nello svolgere lavori con i quali hanno raramente la possibilit\u00e0 di realizzarsi come persone. Molti di questi minori vivono uno stato di abbandono totale.<\/p>\n<p>L&#8217;incontro col Marcelino Pan y Vino permette ai bambini e agli adolescenti lavoratori di prendere coscienza dei propri diritti e delle proprie capacit\u00e0; confrontandosi con altri NATs e risolvendo insieme problemi e difficolt\u00e0, imparano a vivere disciplina, organizzazione e responsabilit\u00e0 comune. Imparano a gestire sfruttamento e rischi e cominciano a vivere il lavoro come valore, come momento di crescita, che offre l&#8217;opportunit\u00e0 di assicurarsi un&#8217;entrata giornaliera, vivere con dignit\u00e0 e dimostrare di essere utili.<\/p>\n<p>All&#8217;interno della casa Marcelino Pan y Vino gi\u00e0 da alcuni anni stanno funzionando dei laboratori dove i NATs lavorano in un luogo sicuro, con orari adatti alla loro et\u00e0 e imparano a produrre degli oggetti, che vengono venduti a Huamachuco o attraverso il commercio equo e solidale.<\/p>\n","protected":false},"excerpt":{"rendered":"<p>Ni\u00f1os y adolescentes trabajadores &#8211; Bambini e Adolescenti Lavoratori Identifichiamo come NATs tutti quei minori che scelgono di lavorare per aiutare le loro famiglie, per permettersi di andare a scuola e di sostenersi. Il lavoro \u00e8 per loro una strategia efficace per risolvere i problemi quotidiani di sopravvivenza e per sviluppare le capacit\u00e0 individuali e [&hellip;]<\/p>\n","protected":false},"author":2,"featured_media":0,"parent":0,"menu_order":10,"comment_status":"open","ping_status":"open","template":"","meta":[],"_links":{"self":[{"href":"https:\/\/marcelino.org\/index.php?rest_route=\/wp\/v2\/pages\/8"}],"collection":[{"href":"https:\/\/marcelino.org\/index.php?rest_route=\/wp\/v2\/pages"}],"about":[{"href":"https:\/\/marcelino.org\/index.php?rest_route=\/wp\/v2\/types\/page"}],"author":[{"embeddable":true,"href":"https:\/\/marcelino.org\/index.php?rest_route=\/wp\/v2\/users\/2"}],"replies":[{"embeddable":true,"href":"https:\/\/marcelino.org\/index.php?rest_route=%2Fwp%2Fv2%2Fcomments&post=8"}],"version-history":[{"count":4,"href":"https:\/\/marcelino.org\/index.php?rest_route=\/wp\/v2\/pages\/8\/revisions"}],"predecessor-version":[{"id":129,"href":"https:\/\/marcelino.org\/index.php?rest_route=\/wp\/v2\/pages\/8\/revisions\/129"}],"wp:attachment":[{"href":"https:\/\/marcelino.org\/index.php?rest_route=%2Fwp%2Fv2%2Fmedia&parent=8"}],"curies":[{"name":"wp","href":"https:\/\/api.w.org\/{rel}","templated":true}]}}